{"id":1369,"date":"2017-05-18T21:42:04","date_gmt":"2017-05-18T19:42:04","guid":{"rendered":"http:\/\/tallaajat.org\/taliopen_wp\/?page_id=1369"},"modified":"2017-05-18T21:50:18","modified_gmt":"2017-05-18T19:50:18","slug":"keisari-tali-open-2017-doubles-results","status":"publish","type":"page","link":"https:\/\/taliopen.net\/?page_id=1369","title":{"rendered":"Keisari Tali Open 2017 Doubles results"},"content":{"rendered":"<p><a href=\"http:\/\/tallaajat.org\/taliopen_wp\/?attachment_id=1374\" rel=\"attachment wp-att-1374\"><img loading=\"lazy\" decoding=\"async\" class=\"alignnone size-full wp-image-1374\" src=\"http:\/\/tallaajat.org\/taliopen_wp\/wp-content\/uploads\/2017\/05\/keisari_doubles_2017.jpg\" alt=\"\" width=\"198\" height=\"135\" \/><\/a><\/p>\n<p>The winners Teemu Nissinen and Janne Hirsim\u00e4ki played -18 to course par.!!!<\/p>\n<table width=\"409\">\n<tbody>\n<tr>\n<td width=\"23\">1<\/td>\n<td width=\"137\">Teemu Nissinen<\/td>\n<td width=\"136\">Janne Hirsim\u00e4ki<\/td>\n<td width=\"49\">52<\/td>\n<td width=\"64\">315,00 \u20ac<\/td>\n<\/tr>\n<tr>\n<td>2<\/td>\n<td>Vink<\/td>\n<td>M\u00e4kel\u00e4<\/td>\n<td>54<\/td>\n<td>189,00 \u20ac<\/td>\n<\/tr>\n<tr>\n<td>3<\/td>\n<td>Lampinen<\/td>\n<td>Koivu<\/td>\n<td>56<\/td>\n<td>31,50 \u20ac<\/td>\n<\/tr>\n<tr>\n<td>3<\/td>\n<td>Rotmeister<\/td>\n<td>Dvinjaninov<\/td>\n<td>56<\/td>\n<td>31,50 \u20ac<\/td>\n<\/tr>\n<tr>\n<td>3<\/td>\n<td>Tuomas Hyyti\u00e4inen<\/td>\n<td>Jorma Hein\u00e4nen<\/td>\n<td>56<\/td>\n<td>31,50 \u20ac<\/td>\n<\/tr>\n<tr>\n<td>3<\/td>\n<td>Seppo Paju<\/td>\n<td>Kingbene Heiss<\/td>\n<td>56<\/td>\n<td>31,50 \u20ac<\/td>\n<\/tr>\n<tr>\n<td>7<\/td>\n<td>Juho V\u00e4is\u00e4nen<\/td>\n<td>Johannes Uotila<\/td>\n<td>57<\/td>\n<td><\/td>\n<\/tr>\n<tr>\n<td>7<\/td>\n<td>Jyri Wainio<\/td>\n<td>Juhani Lehtonen<\/td>\n<td>57<\/td>\n<td><\/td>\n<\/tr>\n<tr>\n<td>9<\/td>\n<td>Marko Ylitalo<\/td>\n<td>Timi J\u00e4rvenp\u00e4\u00e4<\/td>\n<td>58<\/td>\n<td><\/td>\n<\/tr>\n<tr>\n<td>9<\/td>\n<td>Marko Narits<\/td>\n<td>J\u00f6rjen Puis<\/td>\n<td>58<\/td>\n<td><\/td>\n<\/tr>\n<tr>\n<td>9<\/td>\n<td>Kalle Eksym\u00e4<\/td>\n<td>Jani Karonen<\/td>\n<td>58<\/td>\n<td><\/td>\n<\/tr>\n<tr>\n<td>9<\/td>\n<td>Mikko Laihonen<\/td>\n<td>Matias S\u00f6derstr\u00f6m<\/td>\n<td>58<\/td>\n<td><\/td>\n<\/tr>\n<tr>\n<td>13<\/td>\n<td>S L\u00e4tt<\/td>\n<td>K Tattar<\/td>\n<td>59<\/td>\n<td><\/td>\n<\/tr>\n<tr>\n<td>13<\/td>\n<td>T Markus<\/td>\n<td>K Raik<\/td>\n<td>59<\/td>\n<td><\/td>\n<\/tr>\n<tr>\n<td>13<\/td>\n<td>Sokka<\/td>\n<td>Parviainen<\/td>\n<td>59<\/td>\n<td><\/td>\n<\/tr>\n<tr>\n<td>13<\/td>\n<td>Riho Rogov<\/td>\n<td>Kristjan Solodov<\/td>\n<td>59<\/td>\n<td><\/td>\n<\/tr>\n<tr>\n<td>13<\/td>\n<td>Jali Veranen<\/td>\n<td>Turkka Ellil\u00e4<\/td>\n<td>59<\/td>\n<td><\/td>\n<\/tr>\n<tr>\n<td>18<\/td>\n<td>Koskinen<\/td>\n<td>Kaukomaa<\/td>\n<td>60<\/td>\n<td><\/td>\n<\/tr>\n<tr>\n<td>18<\/td>\n<td>Koskelainen<\/td>\n<td>Mertanen<\/td>\n<td>60<\/td>\n<td><\/td>\n<\/tr>\n<tr>\n<td>18<\/td>\n<td>Samu Poikonen<\/td>\n<td>Luukas Rokkanen<\/td>\n<td>60<\/td>\n<td><\/td>\n<\/tr>\n<tr>\n<td>18<\/td>\n<td>Kuitunen<\/td>\n<td>Heikkinen<\/td>\n<td>60<\/td>\n<td><\/td>\n<\/tr>\n<tr>\n<td>22<\/td>\n<td>K\u00e4rkk\u00e4inen<\/td>\n<td>Heikkil\u00e4<\/td>\n<td>61<\/td>\n<td><\/td>\n<\/tr>\n<tr>\n<td>22<\/td>\n<td>Krister Tammj\u00e4rv<\/td>\n<td>Siim Isup<\/td>\n<td>61<\/td>\n<td><\/td>\n<\/tr>\n<tr>\n<td>22<\/td>\n<td>L\u00f6ytynoja<\/td>\n<td>Br\u00e4ysy<\/td>\n<td>62<\/td>\n<td><\/td>\n<\/tr>\n<tr>\n<td>22<\/td>\n<td>Asikainen<\/td>\n<td>M\u00e4\u00e4r\u00e4nen<\/td>\n<td>62<\/td>\n<td><\/td>\n<\/tr>\n<tr>\n<td>22<\/td>\n<td>Ralf Rogov<\/td>\n<td>Albert Tamm<\/td>\n<td>62<\/td>\n<td><\/td>\n<\/tr>\n<tr>\n<td>22<\/td>\n<td>Teemu Kaarela<\/td>\n<td>Vili Lindqvist<\/td>\n<td>62<\/td>\n<td><\/td>\n<\/tr>\n<tr>\n<td>22<\/td>\n<td>Markus Pohjolainen<\/td>\n<td>Mika Paakki<\/td>\n<td>62<\/td>\n<td><\/td>\n<\/tr>\n<tr>\n<td>29<\/td>\n<td>Karvinen<\/td>\n<td>M\u00e4ki<\/td>\n<td>63<\/td>\n<td><\/td>\n<\/tr>\n<tr>\n<td>29<\/td>\n<td>Olaf Kappel<\/td>\n<td>Tarmo Laiksoo<\/td>\n<td>63<\/td>\n<td><\/td>\n<\/tr>\n<tr>\n<td>30<\/td>\n<td>Runonen<\/td>\n<td>Viksten<\/td>\n<td>64<\/td>\n<td><\/td>\n<\/tr>\n<tr>\n<td>30<\/td>\n<td>Anni Eesmaa<\/td>\n<td>Marek P\u00f6der<\/td>\n<td>64<\/td>\n<td><\/td>\n<\/tr>\n<tr>\n<td>30<\/td>\n<td>Susanna Linqvist<\/td>\n<td>Ville Piippo<\/td>\n<td>64<\/td>\n<td><\/td>\n<\/tr>\n<tr>\n<td>30<\/td>\n<td>Erno Lampinen<\/td>\n<td>Tomi Korpinen<\/td>\n<td>64<\/td>\n<td><\/td>\n<\/tr>\n<tr>\n<td>35<\/td>\n<td>Mikko Perttu<\/td>\n<td>Joonas Mattila<\/td>\n<td>65<\/td>\n<td><\/td>\n<\/tr>\n<tr>\n<td>35<\/td>\n<td>Timar<\/td>\n<td>Janar<\/td>\n<td>65<\/td>\n<td><\/td>\n<\/tr>\n<tr>\n<td>37<\/td>\n<td>Ardo Sepp<\/td>\n<td>Tanel Ojaste<\/td>\n<td>66<\/td>\n<td><\/td>\n<\/tr>\n<tr>\n<td>37<\/td>\n<td>Vehni\u00e4inen<\/td>\n<td>R\u00e4s\u00e4nen<\/td>\n<td>66<\/td>\n<td><\/td>\n<\/tr>\n<tr>\n<td>37<\/td>\n<td>H\u00e4nninen<\/td>\n<td>J\u00e4rvinen<\/td>\n<td>66<\/td>\n<td><\/td>\n<\/tr>\n<tr>\n<td>37<\/td>\n<td>Lagru<\/td>\n<td>Ryss\u00e4<\/td>\n<td>66<\/td>\n<td><\/td>\n<\/tr>\n<tr>\n<td>41<\/td>\n<td>Nurmiranta<\/td>\n<td>Lehto<\/td>\n<td>67<\/td>\n<td><\/td>\n<\/tr>\n<tr>\n<td>41<\/td>\n<td>Denis Hakkarainen<\/td>\n<td>Miikka Wathen<\/td>\n<td>67<\/td>\n<td><\/td>\n<\/tr>\n<tr>\n<td>41<\/td>\n<td>Rantanen<\/td>\n<td>Kolmonen<\/td>\n<td>67<\/td>\n<td><\/td>\n<\/tr>\n<tr>\n<td>41<\/td>\n<td>Pirkola<\/td>\n<td>Uurtio<\/td>\n<td>67<\/td>\n<td><\/td>\n<\/tr>\n<tr>\n<td>45<\/td>\n<td>Salminen<\/td>\n<td>Koivum\u00e4ki<\/td>\n<td>68<\/td>\n<td><\/td>\n<\/tr>\n<tr>\n<td>45<\/td>\n<td>Laitala<\/td>\n<td>Johansson<\/td>\n<td>68<\/td>\n<td><\/td>\n<\/tr>\n<tr>\n<td>45<\/td>\n<td>Ismo Sutela<\/td>\n<td>Antti Herva<\/td>\n<td>68<\/td>\n<td><\/td>\n<\/tr>\n<tr>\n<td>45<\/td>\n<td>Sander Veskla<\/td>\n<td>Oliver Endla<\/td>\n<td>68<\/td>\n<td><\/td>\n<\/tr>\n<tr>\n<td>49<\/td>\n<td>Karl Kukk<\/td>\n<td>Inorek Sarvin<\/td>\n<td>69<\/td>\n<td><\/td>\n<\/tr>\n<tr>\n<td>49<\/td>\n<td>Heiskanen<\/td>\n<td>Keskisaari<\/td>\n<td>69<\/td>\n<td><\/td>\n<\/tr>\n<tr>\n<td>49<\/td>\n<td>Antti Er\u00e4kangas<\/td>\n<td>Kalevi Louhivuori<\/td>\n<td>69<\/td>\n<td><\/td>\n<\/tr>\n<tr>\n<td>52<\/td>\n<td>Paid<\/td>\n<td>Heikkil\u00e4<\/td>\n<td>70<\/td>\n<td><\/td>\n<\/tr>\n<tr>\n<td>52<\/td>\n<td>Renny Komppa<\/td>\n<td>Anssi Lemmetti<\/td>\n<td>70<\/td>\n<td><\/td>\n<\/tr>\n<tr>\n<td>52<\/td>\n<td>Markku Kivel\u00e4<\/td>\n<td>Antonia Fabe<\/td>\n<td>70<\/td>\n<td><\/td>\n<\/tr>\n<tr>\n<td>52<\/td>\n<td>Verkkonen Ville<\/td>\n<td>\u00a0Antikainen Tuukka<\/td>\n<td>70<\/td>\n<td><\/td>\n<\/tr>\n<tr>\n<td>56<\/td>\n<td>Sepp\u00e4l\u00e4<\/td>\n<td>Kuusela<\/td>\n<td>71<\/td>\n<td><\/td>\n<\/tr>\n<tr>\n<td>56<\/td>\n<td>J Nurminen<\/td>\n<td>J Liukkonen<\/td>\n<td>71<\/td>\n<td><\/td>\n<\/tr>\n<tr>\n<td>56<\/td>\n<td>Sysimies<\/td>\n<td>Sysimies<\/td>\n<td>71<\/td>\n<td><\/td>\n<\/tr>\n<tr>\n<td>56<\/td>\n<td>Juho Hautala<\/td>\n<td>Simo Lepp\u00e4nen<\/td>\n<td>71<\/td>\n<td><\/td>\n<\/tr>\n<tr>\n<td>60<\/td>\n<td>Ilmari Perttu<\/td>\n<td>Niko Kalliokoski<\/td>\n<td>72<\/td>\n<td><\/td>\n<\/tr>\n<tr>\n<td>61<\/td>\n<td>Sami Franssila<\/td>\n<td>Tapio Lokki<\/td>\n<td>74<\/td>\n<td><\/td>\n<\/tr>\n<tr>\n<td>62<\/td>\n<td>Antti Viljakainen<\/td>\n<td>Yrj\u00f6 Munukka<\/td>\n<td>75<\/td>\n<td><\/td>\n<\/tr>\n<tr>\n<td>63<\/td>\n<td>Atte<\/td>\n<td>Jaakko<\/td>\n<td>77<\/td>\n<td><\/td>\n<\/tr>\n<tr>\n<td>64<\/td>\n<td>Kauppila<\/td>\n<td>Rintala<\/td>\n<td>78<\/td>\n<td><\/td>\n<\/tr>\n<tr>\n<td>65<\/td>\n<td>Antti Kosunen<\/td>\n<td>Hannu Heinonsalmi<\/td>\n<td>79<\/td>\n<td><\/td>\n<\/tr>\n<tr>\n<td>65<\/td>\n<td>Suvi Rovio<\/td>\n<td>Ilias Gamilis<\/td>\n<td>79<\/td>\n<td><\/td>\n<\/tr>\n<tr>\n<td>67<\/td>\n<td>Sakke Kaisanlahti<\/td>\n<td>Elina Poikela<\/td>\n<td>82<\/td>\n<td><\/td>\n<\/tr>\n<tr>\n<td>68<\/td>\n<td>Petteri Kantokari<\/td>\n<td>Ami K\u00e4rkk\u00e4inen<\/td>\n<td>85<\/td>\n<td><\/td>\n<\/tr>\n<tr>\n<td>69<\/td>\n<td>Mio Nyk\u00e4nen<\/td>\n<td>Atte Ruuskanen<\/td>\n<td>DNF<\/td>\n<td><\/td>\n<\/tr>\n<tr>\n<td>69<\/td>\n<td>Jani Parkkonen<\/td>\n<td>Jens Grinberger<\/td>\n<td>DNF<\/td>\n<td><\/td>\n<\/tr>\n<\/tbody>\n<\/table>\n<div class=\"rns\" data-title=\"Keisari Tali Open 2017 Doubles results\" data-tags=\"\" data-categories=\"\" data-comments=\"0\" data-date=\"1495143724000\" data-author=\"tikkis\" data-single=\"\" data-url=\"https:\/\/taliopen.net\/?page_id=1369\"><\/div> <!-- Check out https:\/\/reactandshare.com -->\n<div class=\"rns\" data-title=\"Keisari Tali Open 2017 Doubles results\" data-tags=\"\" data-categories=\"\" data-comments=\"0\" data-date=\"1495143724000\" data-author=\"tikkis\" data-single=\"\" data-url=\"https:\/\/taliopen.net\/?page_id=1369\"><\/div> <!-- Check out https:\/\/reactandshare.com -->","protected":false},"excerpt":{"rendered":"<p>The winners Teemu Nissinen and Janne Hirsim\u00e4ki played -18 to course par.!!! 1 Teemu Nissinen Janne Hirsim\u00e4ki 52 315,00 \u20ac 2 Vink M\u00e4kel\u00e4 54 189,00 \u20ac 3 Lampinen Koivu 56 31,50 \u20ac 3 Rotmeister Dvinjaninov 56 31,50 \u20ac 3 Tuomas &hellip; <a href=\"https:\/\/taliopen.net\/?page_id=1369\">Continue reading <span class=\"meta-nav\">&rarr;<\/span><\/a><\/p>\n","protected":false},"author":2,"featured_media":0,"parent":0,"menu_order":0,"comment_status":"closed","ping_status":"closed","template":"","meta":{"footnotes":""},"class_list":["post-1369","page","type-page","status-publish","hentry"],"_links":{"self":[{"href":"https:\/\/taliopen.net\/index.php?rest_route=\/wp\/v2\/pages\/1369"}],"collection":[{"href":"https:\/\/taliopen.net\/index.php?rest_route=\/wp\/v2\/pages"}],"about":[{"href":"https:\/\/taliopen.net\/index.php?rest_route=\/wp\/v2\/types\/page"}],"author":[{"embeddable":true,"href":"https:\/\/taliopen.net\/index.php?rest_route=\/wp\/v2\/users\/2"}],"replies":[{"embeddable":true,"href":"https:\/\/taliopen.net\/index.php?rest_route=%2Fwp%2Fv2%2Fcomments&post=1369"}],"version-history":[{"count":3,"href":"https:\/\/taliopen.net\/index.php?rest_route=\/wp\/v2\/pages\/1369\/revisions"}],"predecessor-version":[{"id":1375,"href":"https:\/\/taliopen.net\/index.php?rest_route=\/wp\/v2\/pages\/1369\/revisions\/1375"}],"wp:attachment":[{"href":"https:\/\/taliopen.net\/index.php?rest_route=%2Fwp%2Fv2%2Fmedia&parent=1369"}],"curies":[{"name":"wp","href":"https:\/\/api.w.org\/{rel}","templated":true}]}}