{"id":7,"date":"2011-12-21T19:46:01","date_gmt":"2011-12-21T17:46:01","guid":{"rendered":"http:\/\/tallaajat.org\/taliopen_wp\/?page_id=7"},"modified":"2017-01-30T22:41:01","modified_gmt":"2017-01-30T20:41:01","slug":"sponsoring","status":"publish","type":"page","link":"https:\/\/taliopen.net\/?page_id=7","title":{"rendered":"Sponsoriksi?"},"content":{"rendered":"<p style=\"text-align: left;\" align=\"LEFT\"><strong>Frisbeegolfin Euro Pro Tour Talin frisbeegolfpuistossa Helsingiss\u00e4!\u00a0<\/strong><strong>Yrityksesi Tali Openin sponsoriksi?<\/strong><\/p>\n<h1 style=\"text-align: left;\" align=\"LEFT\"><strong><span style=\"color: #ff6600;\">Nopeimmin kasvava urheilulaji Suomessa.<\/span><br \/>\n<\/strong><\/h1>\n<p style=\"text-align: left;\" align=\"LEFT\">Frisbeegolf on nopeimmin Suomessa suosiotaan kasvattava urheilulaji. Frisbeegolfia pelataan 9- tai 18-v\u00e4yl\u00e4isill\u00e4 radoilla, joilla eri mallisia ja -painoisia frisbeekiekkoja pyrit\u00e4\u00e4n heitt\u00e4m\u00e4\u00e4n metallisiin maalikoreihin mahdollisimman v\u00e4hill\u00e4 heitoilla.<\/p>\n<p style=\"text-align: left;\" align=\"LEFT\">Frisbeegolfratoja nousee ymp\u00e4ri Suomen l\u00e4hes sadan\u00a0radan vuosivauhtia &#8211; enemm\u00e4n kuin<br \/>\nmink\u00e4\u00e4n muun lajin harrastuspaikkoja. T\u00e4ll\u00e4 hetkell\u00e4 Suomessa on 572 rataa (tammikuussa 2017) ja harrastajia lajilla on eri arvioiden mukaan noin 100 000. Laji on suosittua, sill\u00e4 se on\u00a0erinomaista ajanvietett\u00e4 ja helppo aloittaa, mutta se tarjoaa my\u00f6s mahdollisuuden pelata huipputasolla ammattilaisena.<\/p>\n<p style=\"text-align: left;\" align=\"LEFT\">Suuri harrastajam\u00e4\u00e4r\u00e4 sek\u00e4 lajin yleis\u00f6yst\u00e4v\u00e4llisyys n\u00e4kyv\u00e4t yh\u00e4 kasvavina katsojam\u00e4\u00e4rin\u00e4 kisoissa. Vuonna 2015 Nokialla j\u00e4rjestetty\u00e4 European Openia seurasi kisapaikalla yli 2000 katsojaa ja YLE:n l\u00e4hett\u00e4m\u00e4\u00e4 suoraa finaalil\u00e4hetyst\u00e4 270 000 ihmist\u00e4. Tali Openista on perinteisesti julkaistu videomateriaalia ja kisavideoita sosiaalisen median kautta. Videot ovat eritt\u00e4in suosittuja ja ker\u00e4\u00e4v\u00e4t parhaimmillaan jopa kymmeni\u00e4tuhansia katselukertoja.<\/p>\n<p align=\"LEFT\"><iframe loading=\"lazy\" src=\"\/\/www.youtube.com\/embed\/iDgqwO6RNYc\" width=\"500\" height=\"350\"><\/iframe><\/p>\n<h1 align=\"LEFT\"><span style=\"color: #ff6600;\"><strong>Sponsoroimaan Suomen EuroTour \u2013osakilpailua?<\/strong><\/span><\/h1>\n<p align=\"LEFT\">Talin Frisbeegolfpuistossa j\u00e4rjestet\u00e4\u00e4n 19.-21.5.2015\u00a0PDGA EuroProTour-osakilpailu.<br \/>\nJo 12. kertaa j\u00e4rjestett\u00e4v\u00e4\u00e4n Tali Open -kilpailuun osallistuu Suomen parhaimmiston<br \/>\nlis\u00e4ksi lajin ter\u00e4vin k\u00e4rki ymp\u00e4ri Eurooppaa. EuroProTour on Euroopan yhteinen, korkein<br \/>\nsarjataso jonka kuusi osakilpailua pelataan eri maissa. Sarjassa pelataan rahapalkinnoista.<\/p>\n<p align=\"LEFT\">Tali Openissa 156 Euroopan k\u00e4rkipelaajaa taistelevat kilpailun voitosta avoimessa ja naisten avoimessa\u00a0luokassa. Kilpailu on kolmep\u00e4iv\u00e4inen ja se huipentuu sunnuntai-iltap\u00e4iv\u00e4n k\u00e4rkiryhmien kierroksiin. Yleis\u00f6\u00e4 paikalle on luvassa runsaasti.<\/p>\n<h1 align=\"LEFT\"><span style=\"color: #ff6600;\"><strong>Lis\u00e4tietoja:<\/strong><\/span><\/h1>\n<p><strong>Tali Open markkinointi<\/strong><br \/>\nToni Asikainen<br \/>\n+358 44 281 1340<br \/>\n<a href=\"mailto:toni.asikainen@tallaajat.org\">toni.asikainen@tallaajat.org<\/a><\/p>\n<p><strong>Kilpailunjohtaja<\/strong><br \/>\nMarkus Stigzelius<br \/>\n+358 50 338 4019<br \/>\n<a href=\"mailto:markus.stigzelius@tallaajat.org\">markus.stigzelius@tallaajat.org<\/a><\/p>\n<div class=\"rns\" data-title=\"Sponsoriksi?\" data-tags=\"\" data-categories=\"\" data-comments=\"0\" data-date=\"1324496761000\" data-author=\"tikkis\" data-single=\"\" data-url=\"https:\/\/taliopen.net\/?page_id=7\"><\/div> <!-- Check out https:\/\/reactandshare.com -->","protected":false},"excerpt":{"rendered":"<p>Frisbeegolfin Euro Pro Tour Talin frisbeegolfpuistossa Helsingiss\u00e4!\u00a0Yrityksesi Tali Openin sponsoriksi? Nopeimmin kasvava urheilulaji Suomessa. Frisbeegolf on nopeimmin Suomessa suosiotaan kasvattava urheilulaji. Frisbeegolfia pelataan 9- tai 18-v\u00e4yl\u00e4isill\u00e4 radoilla, joilla eri mallisia ja -painoisia frisbeekiekkoja pyrit\u00e4\u00e4n heitt\u00e4m\u00e4\u00e4n metallisiin maalikoreihin mahdollisimman v\u00e4hill\u00e4 heitoilla. &hellip; <a href=\"https:\/\/taliopen.net\/?page_id=7\">Continue reading <span class=\"meta-nav\">&rarr;<\/span><\/a><\/p>\n","protected":false},"author":2,"featured_media":0,"parent":0,"menu_order":0,"comment_status":"closed","ping_status":"closed","template":"","meta":{"footnotes":""},"class_list":["post-7","page","type-page","status-publish","hentry"],"_links":{"self":[{"href":"https:\/\/taliopen.net\/index.php?rest_route=\/wp\/v2\/pages\/7"}],"collection":[{"href":"https:\/\/taliopen.net\/index.php?rest_route=\/wp\/v2\/pages"}],"about":[{"href":"https:\/\/taliopen.net\/index.php?rest_route=\/wp\/v2\/types\/page"}],"author":[{"embeddable":true,"href":"https:\/\/taliopen.net\/index.php?rest_route=\/wp\/v2\/users\/2"}],"replies":[{"embeddable":true,"href":"https:\/\/taliopen.net\/index.php?rest_route=%2Fwp%2Fv2%2Fcomments&post=7"}],"version-history":[{"count":22,"href":"https:\/\/taliopen.net\/index.php?rest_route=\/wp\/v2\/pages\/7\/revisions"}],"predecessor-version":[{"id":1229,"href":"https:\/\/taliopen.net\/index.php?rest_route=\/wp\/v2\/pages\/7\/revisions\/1229"}],"wp:attachment":[{"href":"https:\/\/taliopen.net\/index.php?rest_route=%2Fwp%2Fv2%2Fmedia&parent=7"}],"curies":[{"name":"wp","href":"https:\/\/api.w.org\/{rel}","templated":true}]}}