{"id":882,"date":"2015-05-21T17:27:07","date_gmt":"2015-05-21T15:27:07","guid":{"rendered":"http:\/\/tallaajat.org\/taliopen_wp\/?page_id=882"},"modified":"2017-05-16T10:29:35","modified_gmt":"2017-05-16T08:29:35","slug":"yleisolle","status":"publish","type":"page","link":"https:\/\/taliopen.net\/?page_id=882","title":{"rendered":"Yleis\u00f6lle"},"content":{"rendered":"<p class=\"p1\"><span class=\"s1\"><b>Parhaita paikkoja seurata kilpailua ovat v\u00e4ylien 7, 20 ja 21 vieress\u00e4 ja takaa kulkevat k\u00e4velytietiet, sek\u00e4 kisakeskusalue v\u00e4ylien 1, 15 ja 21 v\u00e4lill\u00e4.<\/b><\/span><\/p>\n<p><b> Voit my\u00f6s seurata pelaajaryhmi\u00e4 kisan aikana.\u00a0Muista kuitenkin:<\/b><\/p>\n<ul>\n<li><b>Pid\u00e4 puhelimesi \u00e4\u00e4nett\u00f6m\u00e4ll\u00e4 ja k\u00e4ytt\u00e4ydy asiallisesti.<\/b><\/li>\n<li><strong>Pit\u00e4ydy pelilinjan takana.<\/strong><\/li>\n<li><strong>Anna pelaajille rauha keskitty\u00e4 kilpailuun, erityisesti l\u00e4hestymis- ja puttaustilanteissa.<\/strong><\/li>\n<li><strong>Kiinnit\u00e4 huomiota my\u00f6s per\u00e4ss\u00e4 tulevaan ryhm\u00e4\u00e4n, sek\u00e4 viereisten v\u00e4ylien peleihin.<\/strong><\/li>\n<\/ul>\n<p>Hyville suorituksille voi ja saa antaa esim. lyhyet aplodit! Noudata toimitsijan ohjeita liikkuessasi pelialueella.<\/p>\n<p>Kaikki pelaajat kisaavat t\u00e4ydet kolme kierrosta. Pelaajat on jaettu ryhmiin jotka l\u00e4htev\u00e4t kierrokselle 10 minuutin v\u00e4lein v\u00e4yl\u00e4lt\u00e4 yksi. Perjantain ryhm\u00e4t ja l\u00e4ht\u00f6ajat on arvottu etuk\u00e4teen luokittain, ensimm\u00e4iset pelaajat l\u00e4htev\u00e4t kierrokselle klo 9.30. Lauantain ja sunnuntain kierroksille l\u00e4hdet\u00e4\u00e4n luokittain tulosj\u00e4rjestyksess\u00e4, siten ett\u00e4 parhaat ryhm\u00e4t l\u00e4htev\u00e4t viimeisimpin\u00e4 kierrokselle. Palkintojenjako sunnuntaina noin klo 17.30.<\/p>\n<p><b>Pelaajat, tulokset ja ryhmien l\u00e4ht\u00f6ajat ovat n\u00e4ht\u00e4vill\u00e4 kisakeskuksen ilmoitustaululla. Tuloksia voit seurata my\u00f6s osoitteessa <\/b><a href=\"http:\/\/www.taliopen.net\/\"><b>www.taliopen.net<\/b><\/a><\/p>\n<p><strong><b>Tue Talin frisbeegolfpuiston toimintaa, liity Talin Tallaajaksi! <\/b><a href=\"http:\/\/www.tallaajat.org\/\"><b>www.tallaajat.org<\/b><\/a><\/strong><\/p>\n<p><strong><a href=\"http:\/\/tallaajat.org\/taliopen_wp\/wp-content\/uploads\/2017\/05\/KeisariTaliOpenYleiso\u0308opas.pdf\" target=\"_blank\" rel=\"noopener noreferrer\">Lataa t\u00e4st\u00e4 tulostettava yleis\u00f6opas<\/a>.<\/strong><br \/>\n<a href=\"http:\/\/tallaajat.org\/taliopen_wp\/wp-content\/uploads\/2017\/05\/ratakartta2017.png\"><img loading=\"lazy\" decoding=\"async\" class=\"alignleft size-full wp-image-1345\" src=\"http:\/\/tallaajat.org\/taliopen_wp\/wp-content\/uploads\/2017\/05\/ratakartta2017.png\" alt=\"\" width=\"710\" height=\"963\" srcset=\"https:\/\/taliopen.net\/wp-content\/uploads\/2017\/05\/ratakartta2017.png 710w, https:\/\/taliopen.net\/wp-content\/uploads\/2017\/05\/ratakartta2017-221x300.png 221w\" sizes=\"(max-width: 710px) 100vw, 710px\" \/><\/a><\/p>\n<div class=\"rns\" data-title=\"Yleis\u00f6lle\" data-tags=\"\" data-categories=\"\" data-comments=\"0\" data-date=\"1432229227000\" data-author=\"Zaia\" data-single=\"\" data-url=\"https:\/\/taliopen.net\/?page_id=882\"><\/div> <!-- Check out https:\/\/reactandshare.com -->","protected":false},"excerpt":{"rendered":"<p>Parhaita paikkoja seurata kilpailua ovat v\u00e4ylien 7, 20 ja 21 vieress\u00e4 ja takaa kulkevat k\u00e4velytietiet, sek\u00e4 kisakeskusalue v\u00e4ylien 1, 15 ja 21 v\u00e4lill\u00e4. Voit my\u00f6s seurata pelaajaryhmi\u00e4 kisan aikana.\u00a0Muista kuitenkin: Pid\u00e4 puhelimesi \u00e4\u00e4nett\u00f6m\u00e4ll\u00e4 ja k\u00e4ytt\u00e4ydy asiallisesti. Pit\u00e4ydy pelilinjan takana. Anna &hellip; <a href=\"https:\/\/taliopen.net\/?page_id=882\">Continue reading <span class=\"meta-nav\">&rarr;<\/span><\/a><\/p>\n","protected":false},"author":4,"featured_media":0,"parent":0,"menu_order":0,"comment_status":"closed","ping_status":"closed","template":"","meta":{"footnotes":""},"class_list":["post-882","page","type-page","status-publish","hentry"],"_links":{"self":[{"href":"https:\/\/taliopen.net\/index.php?rest_route=\/wp\/v2\/pages\/882"}],"collection":[{"href":"https:\/\/taliopen.net\/index.php?rest_route=\/wp\/v2\/pages"}],"about":[{"href":"https:\/\/taliopen.net\/index.php?rest_route=\/wp\/v2\/types\/page"}],"author":[{"embeddable":true,"href":"https:\/\/taliopen.net\/index.php?rest_route=\/wp\/v2\/users\/4"}],"replies":[{"embeddable":true,"href":"https:\/\/taliopen.net\/index.php?rest_route=%2Fwp%2Fv2%2Fcomments&post=882"}],"version-history":[{"count":6,"href":"https:\/\/taliopen.net\/index.php?rest_route=\/wp\/v2\/pages\/882\/revisions"}],"predecessor-version":[{"id":1347,"href":"https:\/\/taliopen.net\/index.php?rest_route=\/wp\/v2\/pages\/882\/revisions\/1347"}],"wp:attachment":[{"href":"https:\/\/taliopen.net\/index.php?rest_route=%2Fwp%2Fv2%2Fmedia&parent=882"}],"curies":[{"name":"wp","href":"https:\/\/api.w.org\/{rel}","templated":true}]}}